{"id":595,"date":"2022-07-14T09:27:54","date_gmt":"2022-07-14T07:27:54","guid":{"rendered":"https:\/\/www.cristinasiscar.com\/about\/"},"modified":"2024-09-16T13:03:27","modified_gmt":"2024-09-16T11:03:27","slug":"about","status":"publish","type":"page","link":"https:\/\/www.cristinasiscar.com\/en\/about\/","title":{"rendered":"About"},"content":{"rendered":"<p>[et_pb_section fb_built=&#8221;1&#8243; fullwidth=&#8221;on&#8221; custom_padding_last_edited=&#8221;on|desktop&#8221; admin_label=&#8221;T\u00edtulo Contacto con secci\u00f3n t\u00edtulo completo&#8221; module_id=&#8221;about&#8221; _builder_version=&#8221;4.17.5&#8243; _module_preset=&#8221;default&#8221; background_color=&#8221;rgba(20,12,3,0.08)&#8221; width=&#8221;100%&#8221; max_width=&#8221;100%&#8221; min_height=&#8221;0px&#8221; height_tablet=&#8221;100px&#8221; height_phone=&#8221;&#8221; height_last_edited=&#8221;on|desktop&#8221; custom_margin=&#8221;||0px||false|false&#8221; custom_margin_tablet=&#8221;||0px||false|false&#8221; custom_margin_phone=&#8221;||0px||false|false&#8221; custom_margin_last_edited=&#8221;on|phone&#8221; custom_padding=&#8221;25px||||false|false&#8221; custom_padding_tablet=&#8221;25px||||false|false&#8221; custom_padding_phone=&#8221;0px||||false|false&#8221; top_divider_style=&#8221;arrow2&#8243; top_divider_color=&#8221;#E09900&#8243; top_divider_height=&#8221;43px&#8221; top_divider_flip=&#8221;horizontal&#8221; top_divider_style_tablet=&#8221;arrow2&#8243; top_divider_style_phone=&#8221;arrow2&#8243; top_divider_style_last_edited=&#8221;on|desktop&#8221; top_divider_height_tablet=&#8221;43px&#8221; top_divider_height_phone=&#8221;30px&#8221; top_divider_height_last_edited=&#8221;on|phone&#8221; bottom_divider_color=&#8221;#FFFFFF&#8221; bottom_divider_height=&#8221;50px&#8221; bottom_divider_flip=&#8221;horizontal&#8221; global_colors_info=&#8221;{}&#8221;][et_pb_fullwidth_header title=&#8221;ABOUT&#8221; _builder_version=&#8221;4.17.5&#8243; _module_preset=&#8221;default&#8221; title_font=&#8221;Montserrat||||||||&#8221; title_text_align=&#8221;center&#8221; title_text_color=&#8221;#347480&#8243; title_font_size=&#8221;40px&#8221; background_color=&#8221;RGBA(255,255,255,0)&#8221; min_height=&#8221;0px&#8221; height=&#8221;100px&#8221; height_tablet=&#8221;100px&#8221; height_phone=&#8221;85px&#8221; height_last_edited=&#8221;on|phone&#8221; max_height=&#8221;80px&#8221; custom_margin=&#8221;0px||0px||false|false&#8221; custom_padding=&#8221;15px||0px||false|false&#8221; custom_padding_tablet=&#8221;20px||0px||false|false&#8221; custom_padding_phone=&#8221;5px||0px|0px|false|false&#8221; custom_padding_last_edited=&#8221;on|desktop&#8221; title_font_size_tablet=&#8221;45px&#8221; title_font_size_phone=&#8221;22px&#8221; title_font_size_last_edited=&#8221;on|desktop&#8221; global_colors_info=&#8221;{}&#8221;][\/et_pb_fullwidth_header][\/et_pb_section][et_pb_section fb_built=&#8221;1&#8243; _builder_version=&#8221;4.17.5&#8243; _module_preset=&#8221;default&#8221; background_color=&#8221;RGBA(255,255,255,0)&#8221; height_tablet=&#8221;&#8221; height_phone=&#8221;&#8221; height_last_edited=&#8221;on|phone&#8221; global_colors_info=&#8221;{}&#8221;][et_pb_row _builder_version=&#8221;4.17.5&#8243; _module_preset=&#8221;default&#8221; custom_padding=&#8221;1px|||||&#8221; global_colors_info=&#8221;{}&#8221;][et_pb_column type=&#8221;4_4&#8243; _builder_version=&#8221;4.17.5&#8243; _module_preset=&#8221;default&#8221; global_colors_info=&#8221;{}&#8221;][et_pb_text _builder_version=&#8221;4.17.5&#8243; _module_preset=&#8221;default&#8221; text_font_size=&#8221;15px&#8221; link_font=&#8221;||||on|on|||&#8221; link_text_color=&#8221;#E09900&#8243; global_colors_info=&#8221;{}&#8221;]<\/p>\n<p><a href=\"https:\/\/www.cristinasiscar.com\/en\/\">Back to Home page<\/a><\/p>\n<p>[\/et_pb_text][\/et_pb_column][\/et_pb_row][et_pb_row column_structure=&#8221;3_5,2_5&#8243; _builder_version=&#8221;4.17.5&#8243; _module_preset=&#8221;default&#8221; background_color=&#8221;RGBA(255,255,255,0)&#8221; height_tablet=&#8221;&#8221; height_phone=&#8221;&#8221; height_last_edited=&#8221;on|phone&#8221; global_colors_info=&#8221;{}&#8221;][et_pb_column type=&#8221;3_5&#8243; _builder_version=&#8221;4.17.5&#8243; _module_preset=&#8221;default&#8221; global_colors_info=&#8221;{}&#8221;][et_pb_team_member name=&#8221;Cristina Siscar Cabrera&#8221; position=&#8221;Sworn English Translator and Interpreter&#8221; image_url=&#8221;https:\/\/www.cristinasiscar.com\/wp-content\/uploads\/2022\/07\/foto-perfil-facebook.jpg&#8221; _builder_version=&#8221;4.24.0&#8243; _module_preset=&#8221;default&#8221; header_text_align=&#8221;left&#8221; body_font=&#8221;||||||||&#8221; body_text_align=&#8221;left&#8221; position_font=&#8221;||||||||&#8221; position_text_align=&#8221;left&#8221; position_text_color=&#8221;#347480&#8243; text_orientation=&#8221;left&#8221; width=&#8221;100%&#8221; custom_margin=&#8221;||||false|false&#8221; hover_enabled=&#8221;0&#8243; header_font_size_tablet=&#8221;&#8221; header_font_size_phone=&#8221;18px&#8221; header_font_size_last_edited=&#8221;on|phone&#8221; body_font_size_tablet=&#8221;&#8221; body_font_size_phone=&#8221;14px&#8221; body_font_size_last_edited=&#8221;on|phone&#8221; position_font_size_tablet=&#8221;&#8221; position_font_size_phone=&#8221;16px&#8221; position_font_size_last_edited=&#8221;on|phone&#8221; global_colors_info=&#8221;{}&#8221; position_font_size=&#8221;18px&#8221; body_font_size=&#8221;15px&#8221; header_font_size=&#8221;20px&#8221; sticky_enabled=&#8221;0&#8243; custom_padding=&#8221;||3px|||&#8221;]<\/p>\n<p>&nbsp;<\/p>\n<p>Graduated in Translation and Interpreting, University of Alicante (2006-2011).<\/p>\n<p>Sworn translator-interpreter appointed by the Ministry of Foreign Affairs, European Union and Cooperation, 2011.<\/p>\n<p>Professional member of APTIJ, Professional Association of Sworn Translators and Interpreters.<\/p>\n<p>Professional member of La Xarxa, Network of Translators and Interpreters of the Valencian Community.  <\/p>\n<p>&nbsp;<\/p>\n<p>[\/et_pb_team_member][et_pb_social_media_follow follow_button=&#8221;on&#8221; follow_button_tablet=&#8221;on&#8221; follow_button_phone=&#8221;off&#8221; follow_button_last_edited=&#8221;on|phone&#8221; _builder_version=&#8221;4.17.5&#8243; _module_preset=&#8221;default&#8221; custom_button=&#8221;on&#8221; text_orientation=&#8221;left&#8221; width_tablet=&#8221;&#8221; width_phone=&#8221;100%&#8221; width_last_edited=&#8221;on|phone&#8221; module_alignment=&#8221;center&#8221; button_border_width_tablet=&#8221;&#8221; button_border_width_phone=&#8221;0px&#8221; button_border_width_last_edited=&#8221;on|phone&#8221; text_orientation_tablet=&#8221;left&#8221; text_orientation_phone=&#8221;center&#8221; text_orientation_last_edited=&#8221;on|phone&#8221; box_shadow_style=&#8221;preset2&#8243; global_colors_info=&#8221;{}&#8221;][et_pb_social_media_follow_network social_network=&#8221;linkedin&#8221; url=&#8221;https:\/\/www.linkedin.com\/in\/cristinasiscar\/?locale=es_ES&#8221; use_icon_font_size=&#8221;on&#8221; icon_font_size=&#8221;20px&#8221; icon_font_size_tablet=&#8221;20px&#8221; icon_font_size_phone=&#8221;20px&#8221; icon_font_size_last_edited=&#8221;on|phone&#8221; _builder_version=&#8221;4.17.5&#8243; _module_preset=&#8221;default&#8221; background_color=&#8221;#007bb6&#8243; custom_padding=&#8221;||||false|false&#8221; global_colors_info=&#8221;{}&#8221; follow_button=&#8221;on&#8221; url_new_window=&#8221;on&#8221;]linkedin[\/et_pb_social_media_follow_network][et_pb_social_media_follow_network social_network=&#8221;facebook&#8221; url=&#8221;https:\/\/www.facebook.com\/traduccionescristinasiscar\/&#8221; use_icon_font_size=&#8221;on&#8221; icon_font_size=&#8221;20px&#8221; _builder_version=&#8221;4.17.5&#8243; _module_preset=&#8221;default&#8221; background_color=&#8221;#3b5998&#8243; global_colors_info=&#8221;{}&#8221; follow_button=&#8221;on&#8221; url_new_window=&#8221;on&#8221;]facebook[\/et_pb_social_media_follow_network][et_pb_social_media_follow_network social_network=&#8221;instagram&#8221; url=&#8221;https:\/\/www.instagram.com\/traduccionescristinasiscar\/&#8221; use_icon_font_size=&#8221;on&#8221; icon_font_size=&#8221;20px&#8221; _builder_version=&#8221;4.17.5&#8243; _module_preset=&#8221;default&#8221; background_color=&#8221;#ea2c59&#8243; global_colors_info=&#8221;{}&#8221; follow_button=&#8221;on&#8221; url_new_window=&#8221;on&#8221;]instagram[\/et_pb_social_media_follow_network][\/et_pb_social_media_follow][\/et_pb_column][et_pb_column type=&#8221;2_5&#8243; _builder_version=&#8221;4.17.5&#8243; _module_preset=&#8221;default&#8221; global_colors_info=&#8221;{}&#8221;][et_pb_image src=&#8221;https:\/\/www.cristinasiscar.com\/wp-content\/uploads\/2022\/07\/512px-Logotipo_del_Ministerio_de_Asuntos_Exteriores_Union_Europea_y_Cooperacion.svg_.png&#8221; title_text=&#8221;512px-Logotipo_del_Ministerio_de_Asuntos_Exteriores,_Uni\u00f3n_Europea_y_Cooperaci\u00f3n.svg&#8221; admin_label=&#8221;Ministerio&#8221; _builder_version=&#8221;4.24.0&#8243; _module_preset=&#8221;default&#8221; background_color=&#8221;RGBA(255,255,255,0)&#8221; width=&#8221;100%&#8221; max_width=&#8221;100%&#8221; height=&#8221;70px&#8221; custom_margin=&#8221;|||0px|false|false&#8221; custom_padding=&#8221;||0px||false|false&#8221; custom_padding_tablet=&#8221;300px||0px||false|false&#8221; custom_padding_phone=&#8221;0px||||false|false&#8221; custom_padding_last_edited=&#8221;on|phone&#8221; hover_enabled=&#8221;0&#8243; global_colors_info=&#8221;{}&#8221; sticky_enabled=&#8221;0&#8243;][\/et_pb_image][et_pb_image src=&#8221;https:\/\/www.cristinasiscar.com\/wp-content\/uploads\/2024\/03\/logo20Xarxa.png&#8221; _builder_version=&#8221;4.24.0&#8243; _module_preset=&#8221;default&#8221; title_text=&#8221;logo20Xarxa&#8221; hover_enabled=&#8221;0&#8243; sticky_enabled=&#8221;0&#8243;][\/et_pb_image][et_pb_image src=&#8221;https:\/\/www.cristinasiscar.com\/wp-content\/uploads\/2024\/03\/logo-aptij-socio.jpg&#8221; _builder_version=&#8221;4.24.0&#8243; _module_preset=&#8221;default&#8221; title_text=&#8221;logo-aptij-partner&#8221; hover_enabled=&#8221;0&#8243; sticky_enabled=&#8221;0&#8243; height=&#8221;200px&#8221;][\/et_pb_image][et_pb_image src=&#8221;https:\/\/www.cristinasiscar.com\/wp-content\/uploads\/2022\/07\/asetrad-logos-socio-profesional.jpg&#8221; title_text=&#8221;asetrad logos socio profesional&#8221; admin_label=&#8221;Asetrad&#8221; _builder_version=&#8221;4.17.5&#8243; _module_preset=&#8221;default&#8221; background_color=&#8221;RGBA(255,255,255,0)&#8221; height=&#8221;90px&#8221; custom_margin=&#8221;|||0px|false|false&#8221; custom_padding=&#8221;0px||0px||false|false&#8221; global_colors_info=&#8221;{}&#8221;][\/et_pb_image][\/et_pb_column][\/et_pb_row][et_pb_row column_structure=&#8221;1_2,1_2&#8243; _builder_version=&#8221;4.17.5&#8243; _module_preset=&#8221;default&#8221; global_colors_info=&#8221;{}&#8221;][et_pb_column type=&#8221;1_2&#8243; _builder_version=&#8221;4.17.5&#8243; _module_preset=&#8221;default&#8221; global_colors_info=&#8221;{}&#8221;][et_pb_text admin_label=&#8221;Datos Contacto&#8221; _builder_version=&#8221;4.17.5&#8243; _module_preset=&#8221;default&#8221; header_4_font_size=&#8221;16px&#8221; background_color=&#8221;rgba(224,153,0,0.57)&#8221; width=&#8221;70%&#8221; width_tablet=&#8221;70%&#8221; width_phone=&#8221;100%&#8221; width_last_edited=&#8221;on|phone&#8221; custom_padding=&#8221;30px|20px|40px|20px|false|false&#8221; box_shadow_style=&#8221;preset3&#8243; global_colors_info=&#8221;{}&#8221;]<\/p>\n<h4><strong>ADDRESS:<\/strong><\/h4>\n<p><span style=\"color: #ffffff;\">C\/ San Luis, 42 1\u00ba<\/span><br \/><span style=\"color: #ffffff;\">03780 Pego (Alicante)<\/span><br \/><span style=\"color: #ffffff;\">Spain<\/span><\/p>\n<h4><strong>PHONE:<\/strong><\/h4>\n<p><span style=\"color: #ffffff;\">+34 637 055 410<\/span><\/p>\n<h4><strong>E-MAIL:<\/strong><\/h4>\n<p><span style=\"color: #ffffff;\"><a href=\"mailto:info@cristinasiscar.com\" style=\"color: #ffffff;\">info@cristinasiscar.com<\/a><\/span><\/p>\n<p>[\/et_pb_text][\/et_pb_column][et_pb_column type=&#8221;1_2&#8243; _builder_version=&#8221;4.17.5&#8243; _module_preset=&#8221;default&#8221; global_colors_info=&#8221;{}&#8221;][et_pb_code admin_label=&#8221;Map&#8221; _builder_version=&#8221;4.17.5&#8243; _module_preset=&#8221;default&#8221; global_colors_info=&#8221;{}&#8221;]<iframe src=\"https:\/\/www.google.com\/maps\/embed?pb=!1m18!1m12!1m3!1d3107.5473953889555!2d-0.11886325023237918!3d38.84282515766602!2m3!1f0!2f0!3f0!3m2!1i1024!2i768!4f13.1!3m3!1m2!1s0xd61fd6eba730a89%3A0xc57da952aa275916!2sTraducciones%20Juradas%20Cristina%20Siscar!5e0!3m2!1ses!2ses!4v1657880603024!5m2!1ses!2ses\" width=\"600\" height=\"300\" style=\"border:0;\" allowfullscreen=\"\" loading=\"lazy\" referrerpolicy=\"no-referrer-when-downgrade\"><\/iframe>[\/et_pb_code][\/et_pb_column][\/et_pb_row][\/et_pb_section]<\/p>\n","protected":false},"excerpt":{"rendered":"<p>Back to Home page&nbsp; Graduated in Translation and Interpreting, University of Alicante (2006-2011). Sworn translator-interpreter appointed by the Ministry of Foreign Affairs, European Union and Cooperation, 2011. Professional member of APTIJ, Professional Association of Sworn Translators and Interpreters. Professional member of La Xarxa, Network of Translators and Interpreters of the Valencian Community. &nbsp;ADDRESS: C\/ San [&hellip;]<\/p>\n","protected":false},"author":1,"featured_media":0,"parent":0,"menu_order":0,"comment_status":"closed","ping_status":"closed","template":"","meta":{"_et_pb_use_builder":"on","_et_pb_old_content":"","_et_gb_content_width":"","footnotes":""},"class_list":["post-595","page","type-page","status-publish","hentry"],"yoast_head":"<!-- This site is optimized with the Yoast SEO plugin v27.4 - https:\/\/yoast.com\/product\/yoast-seo-wordpress\/ -->\n<title>About - Cristina Siscar<\/title>\n<meta name=\"description\" content=\"Cristina Siscar is a qualified official translator-interpreter appointed by the Ministry of Foreign Affairs, with over 15 years of experience in the field of sworn translations.\" \/>\n<meta name=\"robots\" content=\"index, follow, max-snippet:-1, max-image-preview:large, max-video-preview:-1\" \/>\n<link rel=\"canonical\" href=\"https:\/\/www.cristinasiscar.com\/en\/about\/\" \/>\n<meta property=\"og:locale\" content=\"en_US\" \/>\n<meta property=\"og:type\" content=\"article\" \/>\n<meta property=\"og:title\" content=\"About - Cristina Siscar\" \/>\n<meta property=\"og:description\" content=\"Cristina Siscar is a qualified official translator-interpreter appointed by the Ministry of Foreign Affairs, with over 15 years of experience in the field of sworn translations.\" \/>\n<meta property=\"og:url\" content=\"https:\/\/www.cristinasiscar.com\/en\/about\/\" \/>\n<meta property=\"og:site_name\" content=\"Cristina Siscar\" \/>\n<meta property=\"article:publisher\" content=\"https:\/\/www.facebook.com\/traduccionescristinasiscar\" \/>\n<meta property=\"article:modified_time\" content=\"2024-09-16T11:03:27+00:00\" \/>\n<meta property=\"og:image\" content=\"https:\/\/www.cristinasiscar.com\/wp-content\/uploads\/2022\/07\/logo-footer-transparente-3.png\" \/>\n\t<meta property=\"og:image:width\" content=\"512\" \/>\n\t<meta property=\"og:image:height\" content=\"512\" \/>\n\t<meta property=\"og:image:type\" content=\"image\/png\" \/>\n<meta name=\"twitter:card\" content=\"summary_large_image\" \/>\n<meta name=\"twitter:site\" content=\"@Cris_tradjurada\" \/>\n<meta name=\"twitter:label1\" content=\"Est. reading time\" \/>\n\t<meta name=\"twitter:data1\" content=\"6 minutes\" \/>\n<script type=\"application\/ld+json\" class=\"yoast-schema-graph\">{\"@context\":\"https:\\\/\\\/schema.org\",\"@graph\":[{\"@type\":\"WebPage\",\"@id\":\"https:\\\/\\\/www.cristinasiscar.com\\\/en\\\/about\\\/\",\"url\":\"https:\\\/\\\/www.cristinasiscar.com\\\/en\\\/about\\\/\",\"name\":\"About - Cristina Siscar\",\"isPartOf\":{\"@id\":\"https:\\\/\\\/www.cristinasiscar.com\\\/en\\\/#website\"},\"datePublished\":\"2022-07-14T07:27:54+00:00\",\"dateModified\":\"2024-09-16T11:03:27+00:00\",\"description\":\"Cristina Siscar is a qualified official translator-interpreter appointed by the Ministry of Foreign Affairs, with over 15 years of experience in the field of sworn translations.\",\"breadcrumb\":{\"@id\":\"https:\\\/\\\/www.cristinasiscar.com\\\/en\\\/about\\\/#breadcrumb\"},\"inLanguage\":\"en-US\",\"potentialAction\":[{\"@type\":\"ReadAction\",\"target\":[\"https:\\\/\\\/www.cristinasiscar.com\\\/en\\\/about\\\/\"]}]},{\"@type\":\"BreadcrumbList\",\"@id\":\"https:\\\/\\\/www.cristinasiscar.com\\\/en\\\/about\\\/#breadcrumb\",\"itemListElement\":[{\"@type\":\"ListItem\",\"position\":1,\"name\":\"Home\",\"item\":\"https:\\\/\\\/www.cristinasiscar.com\\\/en\\\/home\\\/\"},{\"@type\":\"ListItem\",\"position\":2,\"name\":\"About\"}]},{\"@type\":\"WebSite\",\"@id\":\"https:\\\/\\\/www.cristinasiscar.com\\\/en\\\/#website\",\"url\":\"https:\\\/\\\/www.cristinasiscar.com\\\/en\\\/\",\"name\":\"Traducciones Cristina Siscar\",\"description\":\"Sworn translations and translation services in general.\",\"publisher\":{\"@id\":\"https:\\\/\\\/www.cristinasiscar.com\\\/en\\\/#organization\"},\"potentialAction\":[{\"@type\":\"SearchAction\",\"target\":{\"@type\":\"EntryPoint\",\"urlTemplate\":\"https:\\\/\\\/www.cristinasiscar.com\\\/en\\\/?s={search_term_string}\"},\"query-input\":{\"@type\":\"PropertyValueSpecification\",\"valueRequired\":true,\"valueName\":\"search_term_string\"}}],\"inLanguage\":\"en-US\"},{\"@type\":\"Organization\",\"@id\":\"https:\\\/\\\/www.cristinasiscar.com\\\/en\\\/#organization\",\"name\":\"Traducciones Cristina Siscar\",\"url\":\"https:\\\/\\\/www.cristinasiscar.com\\\/en\\\/\",\"logo\":{\"@type\":\"ImageObject\",\"inLanguage\":\"en-US\",\"@id\":\"https:\\\/\\\/www.cristinasiscar.com\\\/en\\\/#\\\/schema\\\/logo\\\/image\\\/\",\"url\":\"https:\\\/\\\/www.cristinasiscar.com\\\/wp-content\\\/uploads\\\/2025\\\/02\\\/1739969248189.png\",\"contentUrl\":\"https:\\\/\\\/www.cristinasiscar.com\\\/wp-content\\\/uploads\\\/2025\\\/02\\\/1739969248189.png\",\"width\":1024,\"height\":1024,\"caption\":\"Traducciones Cristina Siscar\"},\"image\":{\"@id\":\"https:\\\/\\\/www.cristinasiscar.com\\\/en\\\/#\\\/schema\\\/logo\\\/image\\\/\"},\"sameAs\":[\"https:\\\/\\\/www.facebook.com\\\/traduccionescristinasiscar\",\"https:\\\/\\\/x.com\\\/Cris_tradjurada\",\"https:\\\/\\\/www.instagram.com\\\/traduccionescristinasiscar\\\/\",\"https:\\\/\\\/www.linkedin.com\\\/in\\\/cristinasiscar\\\/\"]}]}<\/script>\n<!-- \/ Yoast SEO plugin. -->","yoast_head_json":{"title":"About - Cristina Siscar","description":"Cristina Siscar is a qualified official translator-interpreter appointed by the Ministry of Foreign Affairs, with over 15 years of experience in the field of sworn translations.","robots":{"index":"index","follow":"follow","max-snippet":"max-snippet:-1","max-image-preview":"max-image-preview:large","max-video-preview":"max-video-preview:-1"},"canonical":"https:\/\/www.cristinasiscar.com\/en\/about\/","og_locale":"en_US","og_type":"article","og_title":"About - Cristina Siscar","og_description":"Cristina Siscar is a qualified official translator-interpreter appointed by the Ministry of Foreign Affairs, with over 15 years of experience in the field of sworn translations.","og_url":"https:\/\/www.cristinasiscar.com\/en\/about\/","og_site_name":"Cristina Siscar","article_publisher":"https:\/\/www.facebook.com\/traduccionescristinasiscar","article_modified_time":"2024-09-16T11:03:27+00:00","og_image":[{"width":512,"height":512,"url":"https:\/\/www.cristinasiscar.com\/wp-content\/uploads\/2022\/07\/logo-footer-transparente-3.png","type":"image\/png"}],"twitter_card":"summary_large_image","twitter_site":"@Cris_tradjurada","twitter_misc":{"Est. reading time":"6 minutes"},"schema":{"@context":"https:\/\/schema.org","@graph":[{"@type":"WebPage","@id":"https:\/\/www.cristinasiscar.com\/en\/about\/","url":"https:\/\/www.cristinasiscar.com\/en\/about\/","name":"About - Cristina Siscar","isPartOf":{"@id":"https:\/\/www.cristinasiscar.com\/en\/#website"},"datePublished":"2022-07-14T07:27:54+00:00","dateModified":"2024-09-16T11:03:27+00:00","description":"Cristina Siscar is a qualified official translator-interpreter appointed by the Ministry of Foreign Affairs, with over 15 years of experience in the field of sworn translations.","breadcrumb":{"@id":"https:\/\/www.cristinasiscar.com\/en\/about\/#breadcrumb"},"inLanguage":"en-US","potentialAction":[{"@type":"ReadAction","target":["https:\/\/www.cristinasiscar.com\/en\/about\/"]}]},{"@type":"BreadcrumbList","@id":"https:\/\/www.cristinasiscar.com\/en\/about\/#breadcrumb","itemListElement":[{"@type":"ListItem","position":1,"name":"Home","item":"https:\/\/www.cristinasiscar.com\/en\/home\/"},{"@type":"ListItem","position":2,"name":"About"}]},{"@type":"WebSite","@id":"https:\/\/www.cristinasiscar.com\/en\/#website","url":"https:\/\/www.cristinasiscar.com\/en\/","name":"Traducciones Cristina Siscar","description":"Sworn translations and translation services in general.","publisher":{"@id":"https:\/\/www.cristinasiscar.com\/en\/#organization"},"potentialAction":[{"@type":"SearchAction","target":{"@type":"EntryPoint","urlTemplate":"https:\/\/www.cristinasiscar.com\/en\/?s={search_term_string}"},"query-input":{"@type":"PropertyValueSpecification","valueRequired":true,"valueName":"search_term_string"}}],"inLanguage":"en-US"},{"@type":"Organization","@id":"https:\/\/www.cristinasiscar.com\/en\/#organization","name":"Traducciones Cristina Siscar","url":"https:\/\/www.cristinasiscar.com\/en\/","logo":{"@type":"ImageObject","inLanguage":"en-US","@id":"https:\/\/www.cristinasiscar.com\/en\/#\/schema\/logo\/image\/","url":"https:\/\/www.cristinasiscar.com\/wp-content\/uploads\/2025\/02\/1739969248189.png","contentUrl":"https:\/\/www.cristinasiscar.com\/wp-content\/uploads\/2025\/02\/1739969248189.png","width":1024,"height":1024,"caption":"Traducciones Cristina Siscar"},"image":{"@id":"https:\/\/www.cristinasiscar.com\/en\/#\/schema\/logo\/image\/"},"sameAs":["https:\/\/www.facebook.com\/traduccionescristinasiscar","https:\/\/x.com\/Cris_tradjurada","https:\/\/www.instagram.com\/traduccionescristinasiscar\/","https:\/\/www.linkedin.com\/in\/cristinasiscar\/"]}]}},"_links":{"self":[{"href":"https:\/\/www.cristinasiscar.com\/en\/wp-json\/wp\/v2\/pages\/595","targetHints":{"allow":["GET"]}}],"collection":[{"href":"https:\/\/www.cristinasiscar.com\/en\/wp-json\/wp\/v2\/pages"}],"about":[{"href":"https:\/\/www.cristinasiscar.com\/en\/wp-json\/wp\/v2\/types\/page"}],"author":[{"embeddable":true,"href":"https:\/\/www.cristinasiscar.com\/en\/wp-json\/wp\/v2\/users\/1"}],"replies":[{"embeddable":true,"href":"https:\/\/www.cristinasiscar.com\/en\/wp-json\/wp\/v2\/comments?post=595"}],"version-history":[{"count":9,"href":"https:\/\/www.cristinasiscar.com\/en\/wp-json\/wp\/v2\/pages\/595\/revisions"}],"predecessor-version":[{"id":1556,"href":"https:\/\/www.cristinasiscar.com\/en\/wp-json\/wp\/v2\/pages\/595\/revisions\/1556"}],"wp:attachment":[{"href":"https:\/\/www.cristinasiscar.com\/en\/wp-json\/wp\/v2\/media?parent=595"}],"curies":[{"name":"wp","href":"https:\/\/api.w.org\/{rel}","templated":true}]}}